{"id":321,"date":"2021-02-04T13:51:44","date_gmt":"2021-02-04T12:51:44","guid":{"rendered":"http:\/\/15.188.122.61\/?page_id=321"},"modified":"2021-02-04T14:10:00","modified_gmt":"2021-02-04T13:10:00","slug":"mentions-legales-et-rgpd","status":"publish","type":"page","link":"https:\/\/gomille.fr\/?page_id=321","title":{"rendered":"Mentions l\u00e9gales et RGPD"},"content":{"rendered":"\n<hr class=\"wp-block-separator\"\/>\n\n\n\n<div class=\"wp-block-columns is-layout-flex wp-container-core-columns-is-layout-28f84493 wp-block-columns-is-layout-flex\">\n<div class=\"wp-block-column is-layout-flow wp-block-column-is-layout-flow\">\n<h2 class=\"wp-block-heading\">Mentions l\u00e9gales<\/h2>\n\n\n\n<h3 class=\"wp-block-heading\">Directeur de la publication &#8211; Responsable RGPD<\/h3>\n\n\n\n<p>Claude Valente<\/p>\n\n\n\n<p>9, rue du Ch\u00e2teau d-Eau<br>45340 Batilly-en-G\u00e2tinais<br>T\u00e9l\u00e9phone : +33.(0)2 38 34 40 74<\/p>\n\n\n\n<h3 class=\"wp-block-heading\">H\u00e9bergeur<\/h3>\n\n\n\n<p>GANDI SAS<br>63-65 boulevard Massena<br>75013 Paris<br>Num\u00e9ro SIRET 423 093 459<\/p>\n\n\n\n<h3 class=\"wp-block-heading\">Agence Web<\/h3>\n\n\n\n<p>Manche-Internet<br>176, rue Eric Tabarly<br>50400 Yquelon<br>Num\u00e9ro SIRET 491 849 576<br>T\u00e9l\u00e9phone : +33.(0) 9 72 25 98 01<\/p>\n\n\n\n<h2 class=\"wp-block-heading\">Donn\u00e9es personnelles<\/h2>\n\n\n\n<p>En laissant un commentaire, les donn\u00e9es du formulaire, votre adresse IP et l\u2019agent utilisateur de votre navigateur sont collect\u00e9s.<\/p>\n\n\n\n<p>Vos donn\u00e9es personnelles ne sont pas partag\u00e9es et sont utilis\u00e9es pour vous reconna\u00eetre,  approuver vos commentaires et nous permettre de d\u00e9tecter les publications ind\u00e9sirables.<\/p>\n\n\n\n<p>Vous pouvez voir, recevoir ou  supprimer vos donn\u00e9es personnelles, \u00e0 l&rsquo;exception de celles stock\u00e9es \u00e0 des fins administratives, l\u00e9gales ou de s\u00e9curit\u00e9, en nous contactant par mail.<\/p>\n\n\n\n<p>Les micro-fichiers de commentaires  expirent au bout d\u2019un an.<\/p>\n\n\n\n<p>Concernant la gestion de vos donn\u00e9es personnelles, vous avez le droit d&rsquo;introduire une r\u00e9clamation (plainte) aupr\u00e8s de la Cnil<\/p>\n<\/div>\n\n\n\n<div class=\"wp-block-column is-layout-flow wp-block-column-is-layout-flow\">\n<h2 class=\"wp-block-heading\">Cookies ou traceurs<\/h2>\n\n\n\n<p>La loi d\u00e9finie deux types de traceurs dits \u00ab\u00a0cookies\u00a0\u00bb.<\/p>\n\n\n\n<h3 class=\"wp-block-heading\">Ceux ne n\u00e9cessitant pas de consentement.<\/h3>\n\n\n\n<p>Les traceurs utilent \u00e0 la consultation du site Web que vous voulez visiter.<\/p>\n\n\n\n<p>La CNIL pr\u00e9cise&nbsp;:<\/p>\n\n\n\n<p style=\"font-size:15px\">&#8211; les traceurs conservant le choix exprim\u00e9 par les utilisateurs sur le d\u00e9p\u00f4t de traceurs,<br>&#8211; les traceurs destin\u00e9s \u00e0 l\u2019authentification aupr\u00e8s d\u2019un service, y compris ceux visant \u00e0 assurer la s\u00e9curit\u00e9 du m\u00e9canisme d\u2019authentification, par exemple en limitant les tentatives d\u2019acc\u00e8s robotis\u00e9es ou inattendues,<br>&#8211; les traceurs destin\u00e9s \u00e0 garder en m\u00e9moire le contenu d\u2019un panier d\u2019achat sur un site marchand ou \u00e0 facturer, \u00e0 l\u2019utilisateur, le(s) produit(s) et\/ou service(s) achet\u00e9(s),<br>&#8211; les traceurs de personnalisation de l&rsquo;interface utilisateur (par exemple, pour le choix de la langue ou de la pr\u00e9sentation d\u2019un service), lorsqu\u2019une telle personnalisation constitue un \u00e9l\u00e9ment intrins\u00e8que et attendu du service,<br>&#8211; les traceurs permettant l&rsquo;\u00e9quilibrage de la charge des \u00e9quipements concourant \u00e0 un service de communication,<br>&#8211; les traceurs permettant aux sites payants de limiter l\u2019acc\u00e8s gratuit \u00e0 un \u00e9chantillon de contenu demand\u00e9 par les utilisateurs (quantit\u00e9 pr\u00e9d\u00e9finie et\/ou sur une p\u00e9riode limit\u00e9e).<\/p>\n\n\n\n<p>Vous pouvez refuser ou accepter l&rsquo;enregistrement des cookies. \u00e0 votre arriv\u00e9e sur notre site. Vous pouvez aussi r\u00e9gler cela dans les param\u00eatres de votre navigateur.<\/p>\n\n\n\n<h3 class=\"wp-block-heading\">Ceux n\u00e9cessitant votre consentement<\/h3>\n\n\n\n<p>Ce sont essentiellement les traceurs li\u00e9s \u00e0 l\u2019affichage de la publicit\u00e9 et aux r\u00e9seaux sociaux.<\/p>\n\n\n\n<p>Nous n&rsquo;utilisons pas ces traceurs.<\/p>\n\n\n\n<div class=\"wp-block-group is-layout-flow wp-block-group-is-layout-flow\"><div class=\"wp-block-group__inner-container\"><\/div><\/div>\n<\/div>\n<\/div>\n\n\n\n<div class=\"wp-block-columns is-layout-flex wp-container-core-columns-is-layout-28f84493 wp-block-columns-is-layout-flex\">\n<div class=\"wp-block-column is-layout-flow wp-block-column-is-layout-flow\">\n<div class=\"wp-block-contact-form-7-contact-form-selector\">\n<div class=\"wpcf7 no-js\" id=\"wpcf7-f328-o1\" lang=\"fr-FR\" dir=\"ltr\" data-wpcf7-id=\"328\">\n<div class=\"screen-reader-response\"><p role=\"status\" aria-live=\"polite\" aria-atomic=\"true\"><\/p> <ul><\/ul><\/div>\n<form action=\"\/index.php?rest_route=%2Fwp%2Fv2%2Fpages%2F321#wpcf7-f328-o1\" method=\"post\" class=\"wpcf7-form init\" aria-label=\"Formulaire de contact\" novalidate=\"novalidate\" data-status=\"init\">\n<fieldset class=\"hidden-fields-container\"><input type=\"hidden\" name=\"_wpcf7\" value=\"328\" \/><input type=\"hidden\" name=\"_wpcf7_version\" value=\"6.1.5\" \/><input type=\"hidden\" name=\"_wpcf7_locale\" value=\"fr_FR\" \/><input type=\"hidden\" name=\"_wpcf7_unit_tag\" value=\"wpcf7-f328-o1\" \/><input type=\"hidden\" name=\"_wpcf7_container_post\" value=\"0\" \/><input type=\"hidden\" name=\"_wpcf7_posted_data_hash\" value=\"\" \/>\n<\/fieldset>\n<label> Votre nom\n    <span class=\"wpcf7-form-control-wrap\" data-name=\"your-name\"><input size=\"40\" maxlength=\"400\" class=\"wpcf7-form-control wpcf7-text\" aria-invalid=\"false\" value=\"\" type=\"text\" name=\"your-name\" \/><\/span> <\/label>\n\n<label> Votre Pr\u00e9nom\n<span class=\"wpcf7-form-control-wrap\" data-name=\"prenom\"><input size=\"40\" maxlength=\"400\" class=\"wpcf7-form-control wpcf7-text wpcf7-validates-as-required\" aria-required=\"true\" aria-invalid=\"false\" value=\"\" type=\"text\" name=\"prenom\" \/><\/span><\/label>\n\n<label> Votre e-mail (obligatoire)\n    <span class=\"wpcf7-form-control-wrap\" data-name=\"your-email\"><input size=\"40\" maxlength=\"400\" class=\"wpcf7-form-control wpcf7-email wpcf7-validates-as-required wpcf7-text wpcf7-validates-as-email\" aria-required=\"true\" aria-invalid=\"false\" value=\"\" type=\"email\" name=\"your-email\" \/><\/span> <\/label>\n\n<label> Votre message\n    <span class=\"wpcf7-form-control-wrap\" data-name=\"your-message\"><textarea cols=\"40\" rows=\"3\" maxlength=\"2000\" class=\"wpcf7-form-control wpcf7-textarea\" aria-invalid=\"false\" name=\"your-message\"><\/textarea><\/span> <\/label>\n<\/br>\n<span class=\"wpcf7-form-control-wrap kc_captcha\" data-name=\"kc_captcha\"><span class=\"wpcf7-form-control wpcf7-radio\"><span class=\"captcha-image\" ><span class=\"cf7ic_instructions\">Veuillez prouver que vous \u00eates humain en s\u00e9lectionnant<span> l\u2019arbre<\/span>.<\/span><label><input aria-label=\"1\" type=\"radio\" name=\"kc_captcha\" value=\"bot\" \/><svg aria-hidden=\"true\" role=\"img\" xmlns=\"http:\/\/www.w3.org\/2000\/svg\" viewBox=\"0 0 512 512\"><path fill=\"currentColor\" d=\"M350 99c-54 0-98-35-166-35-25 0-47 4-68 12a56 56 0 004-24C118 24 95 1 66 0a56 56 0 00-34 102v386c0 13 11 24 24 24h16c13 0 24-11 24-24v-94c28-12 64-23 114-23 54 0 98 35 166 35 48 0 86-16 122-41 9-6 14-15 14-26V96c0-23-24-39-45-29-35 16-77 32-117 32z\"\/><\/svg><\/label><label><input aria-label=\"2\" type=\"radio\" name=\"kc_captcha\" value=\"kc_human\" \/><svg aria-hidden=\"true\" role=\"img\" xmlns=\"http:\/\/www.w3.org\/2000\/svg\" viewBox=\"0 0 384 512\"><path fill=\"currentColor\" d=\"M377 375l-83-87h34c21 0 32-25 17-40l-82-88h33c21 0 32-25 18-40L210 8c-10-11-26-11-36 0L70 120c-14 15-3 40 18 40h33l-82 88c-15 15-4 40 17 40h34L7 375c-15 16-4 41 17 41h120c0 33-11 49-34 68-12 9-5 28 10 28h144c15 0 22-19 10-28-20-16-34-32-34-68h120c21 0 32-25 17-41z\"\/><\/svg><\/label><label><input aria-label=\"3\" type=\"radio\" name=\"kc_captcha\" value=\"bot\" \/><svg aria-hidden=\"true\" role=\"img\" xmlns=\"http:\/\/www.w3.org\/2000\/svg\" viewBox=\"0 0 576 512\"><path fill=\"currentColor\" d=\"M472 200H360L256 6a12 12 0 00-10-6h-58c-8 0-14 7-12 15l34 185H100l-35-58a12 12 0 00-10-6H12c-8 0-13 7-12 14l21 106L0 362c-1 7 4 14 12 14h43c4 0 8-2 10-6l35-58h110l-34 185c-2 8 4 15 12 15h58a12 12 0 0010-6l104-194h112c57 0 104-25 104-56s-47-56-104-56z\"\/><\/svg><\/label>\r\n    <\/span>\r\n    <span style=\"display:none\">\r\n        <input type=\"text\" name=\"kc_honeypot\">\r\n    <\/span><\/span><\/span>\n<\/br>\n<input class=\"wpcf7-form-control wpcf7-submit has-spinner\" type=\"submit\" value=\"Envoyer\" \/><div class=\"wpcf7-response-output\" aria-hidden=\"true\"><\/div>\n<\/form>\n<\/div>\n<\/div>\n<\/div>\n<\/div>\n","protected":false},"excerpt":{"rendered":"<p>Mentions l\u00e9gales Directeur de la publication &#8211; Responsable RGPD Claude Valente 9, rue du Ch\u00e2teau d-Eau45340 Batilly-en-G\u00e2tinaisT\u00e9l\u00e9phone : +33.(0)2 38 34 40 74 H\u00e9bergeur GANDI SAS63-65 boulevard Massena75013 ParisNum\u00e9ro SIRET 423 093 459 Agence Web Manche-Internet176, rue Eric Tabarly50400 YquelonNum\u00e9ro SIRET 491 849 576T\u00e9l\u00e9phone : +33.(0) 9 72 25 98 01 Donn\u00e9es personnelles En laissant [&hellip;]<\/p>\n","protected":false},"author":2,"featured_media":0,"parent":0,"menu_order":0,"comment_status":"closed","ping_status":"closed","template":"","meta":{"footnotes":""},"class_list":["post-321","page","type-page","status-publish","hentry"],"_links":{"self":[{"href":"https:\/\/gomille.fr\/index.php?rest_route=\/wp\/v2\/pages\/321","targetHints":{"allow":["GET"]}}],"collection":[{"href":"https:\/\/gomille.fr\/index.php?rest_route=\/wp\/v2\/pages"}],"about":[{"href":"https:\/\/gomille.fr\/index.php?rest_route=\/wp\/v2\/types\/page"}],"author":[{"embeddable":true,"href":"https:\/\/gomille.fr\/index.php?rest_route=\/wp\/v2\/users\/2"}],"replies":[{"embeddable":true,"href":"https:\/\/gomille.fr\/index.php?rest_route=%2Fwp%2Fv2%2Fcomments&post=321"}],"version-history":[{"count":2,"href":"https:\/\/gomille.fr\/index.php?rest_route=\/wp\/v2\/pages\/321\/revisions"}],"predecessor-version":[{"id":329,"href":"https:\/\/gomille.fr\/index.php?rest_route=\/wp\/v2\/pages\/321\/revisions\/329"}],"wp:attachment":[{"href":"https:\/\/gomille.fr\/index.php?rest_route=%2Fwp%2Fv2%2Fmedia&parent=321"}],"curies":[{"name":"wp","href":"https:\/\/api.w.org\/{rel}","templated":true}]}}